{"id":93,"date":"2025-01-05T18:20:42","date_gmt":"2025-01-05T18:20:42","guid":{"rendered":"https:\/\/garten-bramsiepe.eventiks.de\/index.php\/garden-care-lite\/"},"modified":"2025-01-07T14:41:37","modified_gmt":"2025-01-07T14:41:37","slug":"garden-care-lite","status":"publish","type":"page","link":"https:\/\/garten-bramsiepe.eventiks.de\/","title":{"rendered":"Home"},"content":{"rendered":"\t\t<div data-elementor-type=\"wp-page\" data-elementor-id=\"93\" class=\"elementor elementor-93\">\n\t\t\t\t\t\t<section class=\"elementor-section elementor-top-section elementor-element elementor-element-841ac86 elementor-section-boxed elementor-section-height-default elementor-section-height-default\" data-id=\"841ac86\" data-element_type=\"section\" data-e-type=\"section\">\n\t\t\t\t\t\t<div class=\"elementor-container elementor-column-gap-default\">\n\t\t\t\t\t<div class=\"elementor-column elementor-col-100 elementor-top-column elementor-element elementor-element-79340e4\" data-id=\"79340e4\" data-element_type=\"column\" data-e-type=\"column\">\n\t\t\t<div class=\"elementor-widget-wrap elementor-element-populated\">\n\t\t\t\t\t\t<div class=\"elementor-element elementor-element-2faa1bf elementor-widget elementor-widget-image\" data-id=\"2faa1bf\" data-element_type=\"widget\" data-e-type=\"widget\" data-widget_type=\"image.default\">\n\t\t\t\t<div class=\"elementor-widget-container\">\n\t\t\t\t\t\t\t\t\t\t\t\t\t\t\t<img fetchpriority=\"high\" decoding=\"async\" width=\"640\" height=\"127\" src=\"https:\/\/garten-bramsiepe.eventiks.de\/wp-content\/uploads\/2025\/01\/06F78AE1-8982-4A9A-8914-86CB891852E5-1-768x152.png\" class=\"attachment-medium_large size-medium_large wp-image-391\" alt=\"\" srcset=\"https:\/\/garten-bramsiepe.eventiks.de\/wp-content\/uploads\/2025\/01\/06F78AE1-8982-4A9A-8914-86CB891852E5-1-768x152.png 768w, https:\/\/garten-bramsiepe.eventiks.de\/wp-content\/uploads\/2025\/01\/06F78AE1-8982-4A9A-8914-86CB891852E5-1-300x59.png 300w, https:\/\/garten-bramsiepe.eventiks.de\/wp-content\/uploads\/2025\/01\/06F78AE1-8982-4A9A-8914-86CB891852E5-1-1024x202.png 1024w, https:\/\/garten-bramsiepe.eventiks.de\/wp-content\/uploads\/2025\/01\/06F78AE1-8982-4A9A-8914-86CB891852E5-1-1536x304.png 1536w, https:\/\/garten-bramsiepe.eventiks.de\/wp-content\/uploads\/2025\/01\/06F78AE1-8982-4A9A-8914-86CB891852E5-1-2048x405.png 2048w\" sizes=\"(max-width: 640px) 100vw, 640px\" \/>\t\t\t\t\t\t\t\t\t\t\t\t\t\t\t<\/div>\n\t\t\t\t<\/div>\n\t\t\t\t<div class=\"elementor-element elementor-element-7940881 elementor-widget elementor-widget-image\" data-id=\"7940881\" data-element_type=\"widget\" data-e-type=\"widget\" data-widget_type=\"image.default\">\n\t\t\t\t<div class=\"elementor-widget-container\">\n\t\t\t\t\t\t\t\t\t\t\t\t\t\t\t<img decoding=\"async\" width=\"623\" height=\"669\" src=\"https:\/\/garten-bramsiepe.eventiks.de\/wp-content\/uploads\/2025\/01\/ED0A013D-9B86-48D7-B224-73823009A1AF.png\" class=\"attachment-large size-large wp-image-234\" alt=\"\" srcset=\"https:\/\/garten-bramsiepe.eventiks.de\/wp-content\/uploads\/2025\/01\/ED0A013D-9B86-48D7-B224-73823009A1AF.png 623w, https:\/\/garten-bramsiepe.eventiks.de\/wp-content\/uploads\/2025\/01\/ED0A013D-9B86-48D7-B224-73823009A1AF-279x300.png 279w\" sizes=\"(max-width: 623px) 100vw, 623px\" \/>\t\t\t\t\t\t\t\t\t\t\t\t\t\t\t<\/div>\n\t\t\t\t<\/div>\n\t\t\t\t<div class=\"elementor-element elementor-element-b7f79b7 elementor-widget elementor-widget-text-editor\" data-id=\"b7f79b7\" data-element_type=\"widget\" data-e-type=\"widget\" data-widget_type=\"text-editor.default\">\n\t\t\t\t<div class=\"elementor-widget-container\">\n\t\t\t\t\t\t\t\t\t<p>Willkommen auf meiner Website, im folgenden informiere ich \u00fcber meine Dienstleistungen.<\/p><p>Kontaktieren Sie uns gerne \u00fcber das <a href=\"https:\/\/garten-bramsiepe.eventiks.de\/index.php\/anfrage-stellen\/\">Anfrageformular <\/a>oder auch per <a href=\"http:\/\/tel: 491721032339\">Telefon<\/a>!<\/p>\t\t\t\t\t\t\t\t<\/div>\n\t\t\t\t<\/div>\n\t\t\t\t<div class=\"elementor-element elementor-element-50cce02 elementor-widget-divider--view-line elementor-widget elementor-widget-divider\" data-id=\"50cce02\" data-element_type=\"widget\" data-e-type=\"widget\" data-widget_type=\"divider.default\">\n\t\t\t\t<div class=\"elementor-widget-container\">\n\t\t\t\t\t\t\t<div class=\"elementor-divider\">\n\t\t\t<span class=\"elementor-divider-separator\">\n\t\t\t\t\t\t<\/span>\n\t\t<\/div>\n\t\t\t\t\t\t<\/div>\n\t\t\t\t<\/div>\n\t\t\t\t<div class=\"elementor-element elementor-element-349f748 elementor-widget__width-initial elementor-widget elementor-widget-spacer\" data-id=\"349f748\" data-element_type=\"widget\" data-e-type=\"widget\" data-widget_type=\"spacer.default\">\n\t\t\t\t<div class=\"elementor-widget-container\">\n\t\t\t\t\t\t\t<div class=\"elementor-spacer\">\n\t\t\t<div class=\"elementor-spacer-inner\"><\/div>\n\t\t<\/div>\n\t\t\t\t\t\t<\/div>\n\t\t\t\t<\/div>\n\t\t\t\t<div class=\"elementor-element elementor-element-959016e elementor-widget elementor-widget-heading\" data-id=\"959016e\" data-element_type=\"widget\" data-e-type=\"widget\" data-widget_type=\"heading.default\">\n\t\t\t\t<div class=\"elementor-widget-container\">\n\t\t\t\t\t<h1 class=\"elementor-heading-title elementor-size-default\">Leistungen<\/h1>\t\t\t\t<\/div>\n\t\t\t\t<\/div>\n\t\t\t\t\t<\/div>\n\t\t<\/div>\n\t\t\t\t\t<\/div>\n\t\t<\/section>\n\t\t\t\t<section class=\"elementor-section elementor-top-section elementor-element elementor-element-d22c210 elementor-section-boxed elementor-section-height-default elementor-section-height-default\" data-id=\"d22c210\" data-element_type=\"section\" data-e-type=\"section\">\n\t\t\t\t\t\t<div class=\"elementor-container elementor-column-gap-default\">\n\t\t\t\t\t<div class=\"elementor-column elementor-col-100 elementor-top-column elementor-element elementor-element-ca50f48\" data-id=\"ca50f48\" data-element_type=\"column\" data-e-type=\"column\">\n\t\t\t<div class=\"elementor-widget-wrap elementor-element-populated\">\n\t\t\t\t\t\t<div class=\"elementor-element elementor-element-a889361 elementor-position-top elementor-widget elementor-widget-image-box\" data-id=\"a889361\" data-element_type=\"widget\" data-e-type=\"widget\" data-widget_type=\"image-box.default\">\n\t\t\t\t<div class=\"elementor-widget-container\">\n\t\t\t\t\t<div class=\"elementor-image-box-wrapper\"><figure class=\"elementor-image-box-img\"><a href=\"https:\/\/garten-bramsiepe.eventiks.de\/index.php\/impressionen\/\" tabindex=\"-1\"><img decoding=\"async\" width=\"62\" height=\"62\" src=\"https:\/\/garten-bramsiepe.eventiks.de\/wp-content\/uploads\/2025\/01\/5B91BF72-2FE9-4DC6-84E5-D900205C8286.png\" class=\"attachment-full size-full wp-image-199\" alt=\"\" \/><\/a><\/figure><div class=\"elementor-image-box-content\"><h3 class=\"elementor-image-box-title\"><a href=\"https:\/\/garten-bramsiepe.eventiks.de\/index.php\/impressionen\/\">Pflasterarbeiten<\/a><\/h3><p class=\"elementor-image-box-description\">Pflasterarbeiten umfassen das Verlegen von Steinen oder Platten f\u00fcr Wege, Einfahrten, Terrassen und Au\u00dfenbereiche.<br>\n Sie sorgen f\u00fcr langlebige, stabile und \u00e4sthetische Oberfl\u00e4chen durch fachgerechte Planung und Ausf\u00fchrung.<\/p><\/div><\/div>\t\t\t\t<\/div>\n\t\t\t\t<\/div>\n\t\t\t\t<div class=\"elementor-element elementor-element-0ac3320 elementor-position-top elementor-widget elementor-widget-image-box\" data-id=\"0ac3320\" data-element_type=\"widget\" data-e-type=\"widget\" data-widget_type=\"image-box.default\">\n\t\t\t\t<div class=\"elementor-widget-container\">\n\t\t\t\t\t<div class=\"elementor-image-box-wrapper\"><figure class=\"elementor-image-box-img\"><a href=\"https:\/\/garten-bramsiepe.eventiks.de\/index.php\/impressionen\/\" tabindex=\"-1\"><img loading=\"lazy\" decoding=\"async\" width=\"62\" height=\"62\" src=\"https:\/\/garten-bramsiepe.eventiks.de\/wp-content\/uploads\/2025\/01\/Schere.png\" class=\"attachment-full size-full wp-image-197\" alt=\"\" \/><\/a><\/figure><div class=\"elementor-image-box-content\"><h3 class=\"elementor-image-box-title\"><a href=\"https:\/\/garten-bramsiepe.eventiks.de\/index.php\/impressionen\/\">Hecken-, Strauch- und Baumschnitt<\/a><\/h3><p class=\"elementor-image-box-description\">Diese Dienstleistung umfasst das fachgerechte Schneiden und Pflegen von Hecken, Str\u00e4uchern und B\u00e4umen.  Ziel ist es, ein gesundes Wachstum, eine gepflegte Optik und die Sicherheit auf dem Grundst\u00fcck zu gew\u00e4hrleisten.<\/p><\/div><\/div>\t\t\t\t<\/div>\n\t\t\t\t<\/div>\n\t\t\t\t<div class=\"elementor-element elementor-element-a08b655 e-transform elementor-position-top elementor-widget elementor-widget-image-box\" data-id=\"a08b655\" data-element_type=\"widget\" data-e-type=\"widget\" data-settings=\"{&quot;_transform_scaleX_effect&quot;:{&quot;unit&quot;:&quot;px&quot;,&quot;size&quot;:&quot;&quot;,&quot;sizes&quot;:[]},&quot;_transform_scaleX_effect_tablet&quot;:{&quot;unit&quot;:&quot;px&quot;,&quot;size&quot;:&quot;&quot;,&quot;sizes&quot;:[]},&quot;_transform_scaleX_effect_mobile&quot;:{&quot;unit&quot;:&quot;px&quot;,&quot;size&quot;:&quot;&quot;,&quot;sizes&quot;:[]},&quot;_transform_scaleY_effect&quot;:{&quot;unit&quot;:&quot;px&quot;,&quot;size&quot;:&quot;&quot;,&quot;sizes&quot;:[]},&quot;_transform_scaleY_effect_tablet&quot;:{&quot;unit&quot;:&quot;px&quot;,&quot;size&quot;:&quot;&quot;,&quot;sizes&quot;:[]},&quot;_transform_scaleY_effect_mobile&quot;:{&quot;unit&quot;:&quot;px&quot;,&quot;size&quot;:&quot;&quot;,&quot;sizes&quot;:[]}}\" data-widget_type=\"image-box.default\">\n\t\t\t\t<div class=\"elementor-widget-container\">\n\t\t\t\t\t<div class=\"elementor-image-box-wrapper\"><figure class=\"elementor-image-box-img\"><a href=\"https:\/\/garten-bramsiepe.eventiks.de\/index.php\/impressionen\/\" tabindex=\"-1\"><img loading=\"lazy\" decoding=\"async\" width=\"62\" height=\"62\" src=\"https:\/\/garten-bramsiepe.eventiks.de\/wp-content\/uploads\/2025\/01\/2D347CEB-0729-4804-A31B-699708749953.png\" class=\"attachment-thumbnail size-thumbnail wp-image-173\" alt=\"\" \/><\/a><\/figure><div class=\"elementor-image-box-content\"><h3 class=\"elementor-image-box-title\"><a href=\"https:\/\/garten-bramsiepe.eventiks.de\/index.php\/impressionen\/\">Z\u00e4une &amp; Gabionen<\/a><\/h3><p class=\"elementor-image-box-description\">Die Montage von Z\u00e4unen und Gabionen umfasst das fachgerechte Errichten von Sichtschutz-, Garten- oder Sicherheitsz\u00e4unen.<br> \nDiese Dienstleistung bietet stabile, langlebige und optisch ansprechende L\u00f6sungen f\u00fcr Grundst\u00fccksabgrenzungen und Schutz.<\/p><\/div><\/div>\t\t\t\t<\/div>\n\t\t\t\t<\/div>\n\t\t\t\t<div class=\"elementor-element elementor-element-0991b3b elementor-position-top elementor-widget elementor-widget-image-box\" data-id=\"0991b3b\" data-element_type=\"widget\" data-e-type=\"widget\" data-widget_type=\"image-box.default\">\n\t\t\t\t<div class=\"elementor-widget-container\">\n\t\t\t\t\t<div class=\"elementor-image-box-wrapper\"><figure class=\"elementor-image-box-img\"><a href=\"https:\/\/garten-bramsiepe.eventiks.de\/index.php\/impressionen\/\" tabindex=\"-1\"><img loading=\"lazy\" decoding=\"async\" width=\"62\" height=\"62\" src=\"https:\/\/garten-bramsiepe.eventiks.de\/wp-content\/uploads\/2025\/01\/3474FB6C-10E2-4445-8044-DC5D091223E5.png\" class=\"attachment-full size-full wp-image-198\" alt=\"\" \/><\/a><\/figure><div class=\"elementor-image-box-content\"><h3 class=\"elementor-image-box-title\"><a href=\"https:\/\/garten-bramsiepe.eventiks.de\/index.php\/impressionen\/\">Plattieren im Gartenbereich<\/a><\/h3><p class=\"elementor-image-box-description\">Plattieren im Gartenbereich umfasst das Verlegen von Keramik- oder Betonplatten auf Terrassen und Balkonen (auch auf M\u00f6rtels\u00e4ckchen und auf Stelzlagern), Gehwegen, Sitzfl\u00e4chen oder anderen Au\u00dfenbereichen. Ziel ist es, funktionale und \u00e4sthetische Fl\u00e4chen zu schaffen, die witterungsbest\u00e4ndig, pflegeleicht und stabil sind.<\/p><\/div><\/div>\t\t\t\t<\/div>\n\t\t\t\t<\/div>\n\t\t\t\t\t<\/div>\n\t\t<\/div>\n\t\t\t\t\t<\/div>\n\t\t<\/section>\n\t\t\t\t<section class=\"elementor-section elementor-top-section elementor-element elementor-element-2056ef6 elementor-section-boxed elementor-section-height-default elementor-section-height-default\" data-id=\"2056ef6\" data-element_type=\"section\" data-e-type=\"section\">\n\t\t\t\t\t\t<div class=\"elementor-container elementor-column-gap-default\">\n\t\t\t\t\t<div class=\"elementor-column elementor-col-100 elementor-top-column elementor-element elementor-element-b97b6af\" data-id=\"b97b6af\" data-element_type=\"column\" data-e-type=\"column\">\n\t\t\t<div class=\"elementor-widget-wrap elementor-element-populated\">\n\t\t\t\t\t\t<div class=\"elementor-element elementor-element-f75fab6 elementor-widget elementor-widget-spacer\" data-id=\"f75fab6\" data-element_type=\"widget\" data-e-type=\"widget\" data-widget_type=\"spacer.default\">\n\t\t\t\t<div class=\"elementor-widget-container\">\n\t\t\t\t\t\t\t<div class=\"elementor-spacer\">\n\t\t\t<div class=\"elementor-spacer-inner\"><\/div>\n\t\t<\/div>\n\t\t\t\t\t\t<\/div>\n\t\t\t\t<\/div>\n\t\t\t\t<div class=\"elementor-element elementor-element-cc40929 elementor-widget elementor-widget-heading\" data-id=\"cc40929\" data-element_type=\"widget\" data-e-type=\"widget\" data-widget_type=\"heading.default\">\n\t\t\t\t<div class=\"elementor-widget-container\">\n\t\t\t\t\t<h1 class=\"elementor-heading-title elementor-size-default\">Kontakt<\/h1>\t\t\t\t<\/div>\n\t\t\t\t<\/div>\n\t\t\t\t<div class=\"elementor-element elementor-element-fad9ee3 elementor-shape-rounded elementor-grid-0 e-grid-align-center elementor-widget elementor-widget-social-icons\" data-id=\"fad9ee3\" data-element_type=\"widget\" data-e-type=\"widget\" data-widget_type=\"social-icons.default\">\n\t\t\t\t<div class=\"elementor-widget-container\">\n\t\t\t\t\t\t\t<div class=\"elementor-social-icons-wrapper elementor-grid\" role=\"list\">\n\t\t\t\t\t\t\t<span class=\"elementor-grid-item\" role=\"listitem\">\n\t\t\t\t\t<a class=\"elementor-icon elementor-social-icon elementor-social-icon-instagram elementor-repeater-item-6d11f51\" href=\"https:\/\/www.instagram.com\/gartenbramsiepe\/\" target=\"_blank\">\n\t\t\t\t\t\t<span class=\"elementor-screen-only\">Instagram<\/span>\n\t\t\t\t\t\t<i aria-hidden=\"true\" class=\"fab fa-instagram\"><\/i>\t\t\t\t\t<\/a>\n\t\t\t\t<\/span>\n\t\t\t\t\t\t\t<span class=\"elementor-grid-item\" role=\"listitem\">\n\t\t\t\t\t<a class=\"elementor-icon elementor-social-icon elementor-social-icon-whatsapp elementor-repeater-item-8515cb2\" href=\"https:\/\/wa.me\/491721032339\" target=\"_blank\">\n\t\t\t\t\t\t<span class=\"elementor-screen-only\">Whatsapp<\/span>\n\t\t\t\t\t\t<i aria-hidden=\"true\" class=\"fab fa-whatsapp\"><\/i>\t\t\t\t\t<\/a>\n\t\t\t\t<\/span>\n\t\t\t\t\t\t\t<span class=\"elementor-grid-item\" role=\"listitem\">\n\t\t\t\t\t<a class=\"elementor-icon elementor-social-icon elementor-social-icon-mail-bulk elementor-repeater-item-3afe611\" href=\"mailto:garten-bramsiepe@t-online.de\" target=\"_blank\">\n\t\t\t\t\t\t<span class=\"elementor-screen-only\">Mail-bulk<\/span>\n\t\t\t\t\t\t<i aria-hidden=\"true\" class=\"fas fa-mail-bulk\"><\/i>\t\t\t\t\t<\/a>\n\t\t\t\t<\/span>\n\t\t\t\t\t\t\t<span class=\"elementor-grid-item\" role=\"listitem\">\n\t\t\t\t\t<a class=\"elementor-icon elementor-social-icon elementor-social-icon-phone-alt elementor-repeater-item-36882aa\" href=\"tel:%2049232442525\" target=\"_blank\">\n\t\t\t\t\t\t<span class=\"elementor-screen-only\">Phone-alt<\/span>\n\t\t\t\t\t\t<i aria-hidden=\"true\" class=\"fas fa-phone-alt\"><\/i>\t\t\t\t\t<\/a>\n\t\t\t\t<\/span>\n\t\t\t\t\t<\/div>\n\t\t\t\t\t\t<\/div>\n\t\t\t\t<\/div>\n\t\t\t\t<div class=\"elementor-element elementor-element-8208428 elementor-widget elementor-widget-spacer\" data-id=\"8208428\" data-element_type=\"widget\" data-e-type=\"widget\" data-widget_type=\"spacer.default\">\n\t\t\t\t<div class=\"elementor-widget-container\">\n\t\t\t\t\t\t\t<div class=\"elementor-spacer\">\n\t\t\t<div class=\"elementor-spacer-inner\"><\/div>\n\t\t<\/div>\n\t\t\t\t\t\t<\/div>\n\t\t\t\t<\/div>\n\t\t\t\t\t<\/div>\n\t\t<\/div>\n\t\t\t\t\t<\/div>\n\t\t<\/section>\n\t\t\t\t<\/div>\n\t\t","protected":false},"excerpt":{"rendered":"<p>Willkommen auf meiner Website, im folgenden informiere ich \u00fcber meine Dienstleistungen. Kontaktieren Sie uns gerne \u00fcber das Anfrageformular oder auch per Telefon! Leistungen Pflasterarbeiten Pflasterarbeiten [&hellip;]<\/p>\n","protected":false},"author":1,"featured_media":0,"parent":0,"menu_order":0,"comment_status":"closed","ping_status":"closed","template":"templates\/builder-fullwidth-std.php","meta":{"footnotes":""},"class_list":["post-93","page","type-page","status-publish","hentry"],"jetpack_sharing_enabled":true,"_links":{"self":[{"href":"https:\/\/garten-bramsiepe.eventiks.de\/index.php\/wp-json\/wp\/v2\/pages\/93","targetHints":{"allow":["GET"]}}],"collection":[{"href":"https:\/\/garten-bramsiepe.eventiks.de\/index.php\/wp-json\/wp\/v2\/pages"}],"about":[{"href":"https:\/\/garten-bramsiepe.eventiks.de\/index.php\/wp-json\/wp\/v2\/types\/page"}],"author":[{"embeddable":true,"href":"https:\/\/garten-bramsiepe.eventiks.de\/index.php\/wp-json\/wp\/v2\/users\/1"}],"replies":[{"embeddable":true,"href":"https:\/\/garten-bramsiepe.eventiks.de\/index.php\/wp-json\/wp\/v2\/comments?post=93"}],"version-history":[{"count":121,"href":"https:\/\/garten-bramsiepe.eventiks.de\/index.php\/wp-json\/wp\/v2\/pages\/93\/revisions"}],"predecessor-version":[{"id":408,"href":"https:\/\/garten-bramsiepe.eventiks.de\/index.php\/wp-json\/wp\/v2\/pages\/93\/revisions\/408"}],"wp:attachment":[{"href":"https:\/\/garten-bramsiepe.eventiks.de\/index.php\/wp-json\/wp\/v2\/media?parent=93"}],"curies":[{"name":"wp","href":"https:\/\/api.w.org\/{rel}","templated":true}]}}